{"id":1579,"date":"2022-10-26T17:36:04","date_gmt":"2022-10-26T17:36:04","guid":{"rendered":"https:\/\/nationtaxrelief.com\/?page_id=1579"},"modified":"2025-09-09T18:23:40","modified_gmt":"2025-09-09T18:23:40","slug":"privacy-notice","status":"publish","type":"page","link":"https:\/\/nationtaxrelief.com\/es\/privacy-notice\/","title":{"rendered":"Aviso de privacidad"},"content":{"rendered":"<h2 class=\"wp-block-heading has-x-large-font-size\"><strong>Aviso de privacidad<\/strong><\/h2>\n\n\n\n<p style=\"font-size:16px\">Como empresa fiscal y financiera, siempre hemos protegido su derecho a la privacidad. Como todos los proveedores de<br>servicios financieros personales, ahora estoy obligado por ley a informar a mis clientes de mis pol\u00edticas<br>sobre la privacidad de la informaci\u00f3n de los clientes.<\/p>\n\n\n\n<p class=\"has-medium-font-size\"><strong>Tipos de informaci\u00f3n personal no p\u00fablica que recojo<\/strong><\/p>\n\n\n\n<p style=\"font-size:16px\">Recogemos informaci\u00f3n personal no p\u00fablica sobre usted que me proporciona usted o<br>obtenido por m\u00ed con su autorizaci\u00f3n.<\/p>\n\n\n\n<p class=\"has-medium-font-size\"><strong>Partes a las que revelo informaci\u00f3n<\/strong><\/p>\n\n\n\n<p style=\"font-size:16px\">En el caso de los clientes actuales y antiguos, no revelo ninguna informaci\u00f3n personal no p\u00fablica obtenida en el curso de mi pr\u00e1ctica, excepto cuando lo requiera o lo permita la ley. Las divulgaciones permitidas incluyen, por ejemplo, el suministro de informaci\u00f3n a mis empleados, y en forma limitada<br>situaciones, a terceros no relacionados que necesitan conocer esa informaci\u00f3n para ayudarme a prestarle servicios. En todas estas situaciones, subrayo el car\u00e1cter confidencial de la informaci\u00f3n que se comparte.<\/p>\n\n\n\n<p class=\"has-medium-font-size\"><strong>Protecting the Confidentiality and Security of Current and Former Clients\u2019 Information<\/strong><\/p>\n\n\n\n<p style=\"font-size:16px\">Conservamos los registros relacionados con los servicios profesionales que presto para poder asistirle mejor en sus necesidades profesionales y, en algunos casos, para cumplir con las directrices profesionales. Para proteger su informaci\u00f3n personal no p\u00fablica, mantenemos salvaguardias f\u00edsicas, electr\u00f3nicas y de procedimiento que cumplen con mis normas profesionales. Por favor, ll\u00e1meme si tiene alguna pregunta, porque su privacidad, mi \u00e9tica profesional y la capacidad de proporcionarle servicios financieros de calidad son muy importantes para nosotros.<\/p>\n\n\n\n<p class=\"has-medium-font-size\"><strong>SMS Privacy Policy Statement<\/strong><\/p>\n\n\n\n<p style=\"font-size:16px\">No mobile information will be shared with third parties or affiliates for marketing or promotional purposes. All the above categories exclude text messaging originator opt-in data and consent; this information will not be shared with third parties.<\/p>\n\n\n\n<p><\/p>","protected":false},"excerpt":{"rendered":"<p>Privacy Notice As a tax and financial firm, We have always protected your right to privacy. Like all providers ofpersonal financial services, I am now required by law to inform my clients of my policiesregarding privacy of client information. Types of Nonpublic Personal Information I Collect We collect nonpublic personal information about you that is [&hellip;]<\/p>\n","protected":false},"author":1,"featured_media":0,"parent":0,"menu_order":0,"comment_status":"closed","ping_status":"closed","template":"","meta":{"_uag_custom_page_level_css":"","site-sidebar-layout":"default","site-content-layout":"","ast-site-content-layout":"default","site-content-style":"default","site-sidebar-style":"default","ast-global-header-display":"","ast-banner-title-visibility":"","ast-main-header-display":"","ast-hfb-above-header-display":"","ast-hfb-below-header-display":"","ast-hfb-mobile-header-display":"","site-post-title":"disabled","ast-breadcrumbs-content":"","ast-featured-img":"","footer-sml-layout":"","ast-disable-related-posts":"","theme-transparent-header-meta":"","adv-header-id-meta":"","stick-header-meta":"","header-above-stick-meta":"","header-main-stick-meta":"","header-below-stick-meta":"","astra-migrate-meta-layouts":"set","ast-page-background-enabled":"default","ast-page-background-meta":{"desktop":{"background-color":"var(--ast-global-color-4)","background-image":"","background-repeat":"repeat","background-position":"center center","background-size":"auto","background-attachment":"scroll","background-type":"","background-media":"","overlay-type":"","overlay-color":"","overlay-opacity":"","overlay-gradient":""},"tablet":{"background-color":"","background-image":"","background-repeat":"repeat","background-position":"center center","background-size":"auto","background-attachment":"scroll","background-type":"","background-media":"","overlay-type":"","overlay-color":"","overlay-opacity":"","overlay-gradient":""},"mobile":{"background-color":"","background-image":"","background-repeat":"repeat","background-position":"center center","background-size":"auto","background-attachment":"scroll","background-type":"","background-media":"","overlay-type":"","overlay-color":"","overlay-opacity":"","overlay-gradient":""}},"ast-content-background-meta":{"desktop":{"background-color":"var(--ast-global-color-5)","background-image":"","background-repeat":"repeat","background-position":"center center","background-size":"auto","background-attachment":"scroll","background-type":"","background-media":"","overlay-type":"","overlay-color":"","overlay-opacity":"","overlay-gradient":""},"tablet":{"background-color":"var(--ast-global-color-5)","background-image":"","background-repeat":"repeat","background-position":"center center","background-size":"auto","background-attachment":"scroll","background-type":"","background-media":"","overlay-type":"","overlay-color":"","overlay-opacity":"","overlay-gradient":""},"mobile":{"background-color":"var(--ast-global-color-5)","background-image":"","background-repeat":"repeat","background-position":"center center","background-size":"auto","background-attachment":"scroll","background-type":"","background-media":"","overlay-type":"","overlay-color":"","overlay-opacity":"","overlay-gradient":""}},"footnotes":""},"class_list":["post-1579","page","type-page","status-publish","hentry"],"yoast_head":"<!-- This site is optimized with the Yoast SEO plugin v27.4 - https:\/\/yoast.com\/product\/yoast-seo-wordpress\/ -->\n<title>Privacy Notice | Nation Tax Relief<\/title>\n<meta name=\"robots\" content=\"index, follow, max-snippet:-1, max-image-preview:large, max-video-preview:-1\" \/>\n<link rel=\"canonical\" href=\"https:\/\/nationtaxrelief.com\/es\/privacy-notice\/\" \/>\n<meta property=\"og:locale\" content=\"es_ES\" \/>\n<meta property=\"og:type\" content=\"article\" \/>\n<meta property=\"og:title\" content=\"Privacy Notice | Nation Tax Relief\" \/>\n<meta property=\"og:description\" content=\"Privacy Notice As a tax and financial firm, We have always protected your right to privacy. Like all providers ofpersonal financial services, I am now required by law to inform my clients of my policiesregarding privacy of client information. Types of Nonpublic Personal Information I Collect We collect nonpublic personal information about you that is [&hellip;]\" \/>\n<meta property=\"og:url\" content=\"https:\/\/nationtaxrelief.com\/es\/privacy-notice\/\" \/>\n<meta property=\"og:site_name\" content=\"Nation Tax Relief\" \/>\n<meta property=\"article:publisher\" content=\"https:\/\/www.facebook.com\/nationtaxrelief\" \/>\n<meta property=\"article:modified_time\" content=\"2025-09-09T18:23:40+00:00\" \/>\n<meta property=\"og:image\" content=\"https:\/\/nationtaxrelief.com\/wp-content\/uploads\/2022\/09\/Transparente-national-tax.png\" \/>\n\t<meta property=\"og:image:width\" content=\"4000\" \/>\n\t<meta property=\"og:image:height\" content=\"4000\" \/>\n\t<meta property=\"og:image:type\" content=\"image\/png\" \/>\n<meta name=\"twitter:card\" content=\"summary_large_image\" \/>\n<meta name=\"twitter:site\" content=\"@NationTaxRelief\" \/>\n<meta name=\"twitter:label1\" content=\"Tiempo de lectura\" \/>\n\t<meta name=\"twitter:data1\" content=\"2 minutos\" \/>\n<script type=\"application\/ld+json\" class=\"yoast-schema-graph\">{\"@context\":\"https:\\\/\\\/schema.org\",\"@graph\":[{\"@type\":\"WebPage\",\"@id\":\"https:\\\/\\\/nationtaxrelief.com\\\/privacy-notice\\\/\",\"url\":\"https:\\\/\\\/nationtaxrelief.com\\\/privacy-notice\\\/\",\"name\":\"Privacy Notice | Nation Tax Relief\",\"isPartOf\":{\"@id\":\"https:\\\/\\\/nationtaxrelief.com\\\/#website\"},\"datePublished\":\"2022-10-26T17:36:04+00:00\",\"dateModified\":\"2025-09-09T18:23:40+00:00\",\"breadcrumb\":{\"@id\":\"https:\\\/\\\/nationtaxrelief.com\\\/privacy-notice\\\/#breadcrumb\"},\"inLanguage\":\"es\",\"potentialAction\":[{\"@type\":\"ReadAction\",\"target\":[\"https:\\\/\\\/nationtaxrelief.com\\\/privacy-notice\\\/\"]}]},{\"@type\":\"BreadcrumbList\",\"@id\":\"https:\\\/\\\/nationtaxrelief.com\\\/privacy-notice\\\/#breadcrumb\",\"itemListElement\":[{\"@type\":\"ListItem\",\"position\":1,\"name\":\"Home\",\"item\":\"https:\\\/\\\/nationtaxrelief.com\\\/\"},{\"@type\":\"ListItem\",\"position\":2,\"name\":\"Privacy Notice\"}]},{\"@type\":\"WebSite\",\"@id\":\"https:\\\/\\\/nationtaxrelief.com\\\/#website\",\"url\":\"https:\\\/\\\/nationtaxrelief.com\\\/\",\"name\":\"Nation Tax Relief\",\"description\":\"Tax Solutions\",\"publisher\":{\"@id\":\"https:\\\/\\\/nationtaxrelief.com\\\/#organization\"},\"potentialAction\":[{\"@type\":\"SearchAction\",\"target\":{\"@type\":\"EntryPoint\",\"urlTemplate\":\"https:\\\/\\\/nationtaxrelief.com\\\/?s={search_term_string}\"},\"query-input\":{\"@type\":\"PropertyValueSpecification\",\"valueRequired\":true,\"valueName\":\"search_term_string\"}}],\"inLanguage\":\"es\"},{\"@type\":\"Organization\",\"@id\":\"https:\\\/\\\/nationtaxrelief.com\\\/#organization\",\"name\":\"Nation Tax Relief\",\"url\":\"https:\\\/\\\/nationtaxrelief.com\\\/\",\"logo\":{\"@type\":\"ImageObject\",\"inLanguage\":\"es\",\"@id\":\"https:\\\/\\\/nationtaxrelief.com\\\/#\\\/schema\\\/logo\\\/image\\\/\",\"url\":\"https:\\\/\\\/nationtaxrelief.com\\\/wp-content\\\/uploads\\\/2022\\\/10\\\/Fondo-blanco-scaled-e1665768289568.jpg\",\"contentUrl\":\"https:\\\/\\\/nationtaxrelief.com\\\/wp-content\\\/uploads\\\/2022\\\/10\\\/Fondo-blanco-scaled-e1665768289568.jpg\",\"width\":2560,\"height\":2144,\"caption\":\"Nation Tax Relief\"},\"image\":{\"@id\":\"https:\\\/\\\/nationtaxrelief.com\\\/#\\\/schema\\\/logo\\\/image\\\/\"},\"sameAs\":[\"https:\\\/\\\/www.facebook.com\\\/nationtaxrelief\",\"https:\\\/\\\/x.com\\\/NationTaxRelief\",\"https:\\\/\\\/www.instagram.com\\\/nationtaxrelief\\\/\"]}]}<\/script>\n<!-- \/ Yoast SEO plugin. -->","yoast_head_json":{"title":"Privacy Notice | Nation Tax Relief","robots":{"index":"index","follow":"follow","max-snippet":"max-snippet:-1","max-image-preview":"max-image-preview:large","max-video-preview":"max-video-preview:-1"},"canonical":"https:\/\/nationtaxrelief.com\/es\/privacy-notice\/","og_locale":"es_ES","og_type":"article","og_title":"Privacy Notice | Nation Tax Relief","og_description":"Privacy Notice As a tax and financial firm, We have always protected your right to privacy. Like all providers ofpersonal financial services, I am now required by law to inform my clients of my policiesregarding privacy of client information. Types of Nonpublic Personal Information I Collect We collect nonpublic personal information about you that is [&hellip;]","og_url":"https:\/\/nationtaxrelief.com\/es\/privacy-notice\/","og_site_name":"Nation Tax Relief","article_publisher":"https:\/\/www.facebook.com\/nationtaxrelief","article_modified_time":"2025-09-09T18:23:40+00:00","og_image":[{"width":4000,"height":4000,"url":"https:\/\/nationtaxrelief.com\/wp-content\/uploads\/2022\/09\/Transparente-national-tax.png","type":"image\/png"}],"twitter_card":"summary_large_image","twitter_site":"@NationTaxRelief","twitter_misc":{"Tiempo de lectura":"2 minutos"},"schema":{"@context":"https:\/\/schema.org","@graph":[{"@type":"WebPage","@id":"https:\/\/nationtaxrelief.com\/privacy-notice\/","url":"https:\/\/nationtaxrelief.com\/privacy-notice\/","name":"Privacy Notice | Nation Tax Relief","isPartOf":{"@id":"https:\/\/nationtaxrelief.com\/#website"},"datePublished":"2022-10-26T17:36:04+00:00","dateModified":"2025-09-09T18:23:40+00:00","breadcrumb":{"@id":"https:\/\/nationtaxrelief.com\/privacy-notice\/#breadcrumb"},"inLanguage":"es","potentialAction":[{"@type":"ReadAction","target":["https:\/\/nationtaxrelief.com\/privacy-notice\/"]}]},{"@type":"BreadcrumbList","@id":"https:\/\/nationtaxrelief.com\/privacy-notice\/#breadcrumb","itemListElement":[{"@type":"ListItem","position":1,"name":"Home","item":"https:\/\/nationtaxrelief.com\/"},{"@type":"ListItem","position":2,"name":"Privacy Notice"}]},{"@type":"WebSite","@id":"https:\/\/nationtaxrelief.com\/#website","url":"https:\/\/nationtaxrelief.com\/","name":"Nation Tax Relief","description":"Tax Solutions","publisher":{"@id":"https:\/\/nationtaxrelief.com\/#organization"},"potentialAction":[{"@type":"SearchAction","target":{"@type":"EntryPoint","urlTemplate":"https:\/\/nationtaxrelief.com\/?s={search_term_string}"},"query-input":{"@type":"PropertyValueSpecification","valueRequired":true,"valueName":"search_term_string"}}],"inLanguage":"es"},{"@type":"Organization","@id":"https:\/\/nationtaxrelief.com\/#organization","name":"Nation Tax Relief","url":"https:\/\/nationtaxrelief.com\/","logo":{"@type":"ImageObject","inLanguage":"es","@id":"https:\/\/nationtaxrelief.com\/#\/schema\/logo\/image\/","url":"https:\/\/nationtaxrelief.com\/wp-content\/uploads\/2022\/10\/Fondo-blanco-scaled-e1665768289568.jpg","contentUrl":"https:\/\/nationtaxrelief.com\/wp-content\/uploads\/2022\/10\/Fondo-blanco-scaled-e1665768289568.jpg","width":2560,"height":2144,"caption":"Nation Tax Relief"},"image":{"@id":"https:\/\/nationtaxrelief.com\/#\/schema\/logo\/image\/"},"sameAs":["https:\/\/www.facebook.com\/nationtaxrelief","https:\/\/x.com\/NationTaxRelief","https:\/\/www.instagram.com\/nationtaxrelief\/"]}]}},"uagb_featured_image_src":{"full":false,"thumbnail":false,"medium":false,"medium_large":false,"large":false,"1536x1536":false,"2048x2048":false,"trp-custom-language-flag":false},"uagb_author_info":{"display_name":"Israel Gonzales","author_link":"https:\/\/nationtaxrelief.com\/es\/author\/beartagencia\/"},"uagb_comment_info":0,"uagb_excerpt":"Privacy Notice As a tax and financial firm, We have always protected your right to privacy. Like all providers ofpersonal financial services, I am now required by law to inform my clients of my policiesregarding privacy of client information. Types of Nonpublic Personal Information I Collect We collect nonpublic personal information about you that is&hellip;","_links":{"self":[{"href":"https:\/\/nationtaxrelief.com\/es\/wp-json\/wp\/v2\/pages\/1579","targetHints":{"allow":["GET"]}}],"collection":[{"href":"https:\/\/nationtaxrelief.com\/es\/wp-json\/wp\/v2\/pages"}],"about":[{"href":"https:\/\/nationtaxrelief.com\/es\/wp-json\/wp\/v2\/types\/page"}],"author":[{"embeddable":true,"href":"https:\/\/nationtaxrelief.com\/es\/wp-json\/wp\/v2\/users\/1"}],"replies":[{"embeddable":true,"href":"https:\/\/nationtaxrelief.com\/es\/wp-json\/wp\/v2\/comments?post=1579"}],"version-history":[{"count":3,"href":"https:\/\/nationtaxrelief.com\/es\/wp-json\/wp\/v2\/pages\/1579\/revisions"}],"predecessor-version":[{"id":2057,"href":"https:\/\/nationtaxrelief.com\/es\/wp-json\/wp\/v2\/pages\/1579\/revisions\/2057"}],"wp:attachment":[{"href":"https:\/\/nationtaxrelief.com\/es\/wp-json\/wp\/v2\/media?parent=1579"}],"curies":[{"name":"wp","href":"https:\/\/api.w.org\/{rel}","templated":true}]}}