{"id":1512,"date":"2022-10-14T16:02:03","date_gmt":"2022-10-14T16:02:03","guid":{"rendered":"https:\/\/nationtaxrelief.com\/?page_id=1512"},"modified":"2022-10-14T16:54:16","modified_gmt":"2022-10-14T16:54:16","slug":"fastcashadvance","status":"publish","type":"page","link":"https:\/\/nationtaxrelief.com\/es\/fastcashadvance\/","title":{"rendered":"Fast Cash Advance"},"content":{"rendered":"<div class=\"wp-block-cover alignfull uag-hide-tab uag-hide-mob\" style=\"min-height:538px;aspect-ratio:unset;\"><span aria-hidden=\"true\" class=\"wp-block-cover__background has-background-dim-0 has-background-dim\"><\/span><img loading=\"lazy\" decoding=\"async\" width=\"1200\" height=\"400\" class=\"wp-block-cover__image-background wp-image-1517\" alt=\"\" src=\"https:\/\/nationtaxrelief.com\/wp-content\/uploads\/2022\/10\/Even-when-lifes-hard-7.png\" data-object-fit=\"cover\" srcset=\"https:\/\/nationtaxrelief.com\/wp-content\/uploads\/2022\/10\/Even-when-lifes-hard-7.png 1200w, https:\/\/nationtaxrelief.com\/wp-content\/uploads\/2022\/10\/Even-when-lifes-hard-7-300x100.png 300w, https:\/\/nationtaxrelief.com\/wp-content\/uploads\/2022\/10\/Even-when-lifes-hard-7-1024x341.png 1024w, https:\/\/nationtaxrelief.com\/wp-content\/uploads\/2022\/10\/Even-when-lifes-hard-7-768x256.png 768w, https:\/\/nationtaxrelief.com\/wp-content\/uploads\/2022\/10\/Even-when-lifes-hard-7-18x6.png 18w\" sizes=\"auto, (max-width: 1200px) 100vw, 1200px\" \/><div class=\"wp-block-cover__inner-container is-layout-flow wp-block-cover-is-layout-flow\">\n<p class=\"has-text-align-center has-large-font-size\"><\/p>\n<\/div><\/div>\n\n\n\n<div style=\"height:38px\" aria-hidden=\"true\" class=\"wp-block-spacer\"><\/div>\n\n\n\n<h4 class=\"has-text-align-center has-x-large-font-size wp-block-heading\">Obtenga dinero antes de que su reembolso est\u00e9 listo con Fast Cash Advance.*<\/h4>\n\n\n\n<h4 class=\"has-text-align-center wp-block-heading\">El IRS libera 9 de cada 10 d\u00edas en menos de 21 d\u00edas. Si usted se ve afectado por los retrasos en la devoluci\u00f3n de la Ley PATH o simplemente necesita dinero antes de que el IRS pueda liberarlo preg\u00fantenos sobre el Anticipo de Dinero R\u00e1pido. La mayor\u00eda de los pr\u00e9stamos se aprueban en cuesti\u00f3n de horas.<\/h4>\n\n\n\n<p class=\"has-text-align-left\"><em>* El Anticipo R\u00e1pido de Efectivo es un pr\u00e9stamo opcional relacionado con el reembolso de impuestos proporcionado por First Century Bank, N.A., miembro de la FDIC (no es el reembolso de impuestos propiamente dicho) y est\u00e1 disponible en los locales participantes. El importe del pr\u00e9stamo y los intereses aplicables se deducir\u00e1n de los reembolsos de impuestos y reducir\u00e1n el importe que se paga directamente al contribuyente del reembolso. Es posible que se apliquen tasas por otros productos opcionales o caracter\u00edsticas del producto, que se informar\u00e1n en el momento de la solicitud. Las declaraciones de impuestos se pueden presentar electr\u00f3nicamente sin solicitar este pr\u00e9stamo. Los pr\u00e9stamos se ofrecen en cantidades de entre 500 y 6.000 d\u00f3lares y se ofrecen tanto antes del reconocimiento de la declaraci\u00f3n de la renta por parte del IRS como despu\u00e9s de dicho reconocimiento. Todos los pr\u00e9stamos tienen una tasa de porcentaje anual (TAE) del 39,95%. Por ejemplo, para un pr\u00e9stamo de 2.000 d\u00f3lares con un per\u00edodo de reembolso de 30 d\u00edas, el importe total a pagar en un solo pago es de 2.065,67 d\u00f3lares, incluyendo el capital y los intereses. Los pr\u00e9stamos sujetos a la Ley de Pr\u00e9stamos a Militares tienen un tipo m\u00e1s bajo. No todos los consumidores podr\u00e1n optar a un pr\u00e9stamo o al importe m\u00e1ximo del mismo. La oferta y las condiciones est\u00e1n sujetas a cambios en cualquier momento sin previo aviso.<\/em><\/p>\n\n\n\n<div style=\"height:100px\" aria-hidden=\"true\" class=\"wp-block-spacer\"><\/div>","protected":false},"excerpt":{"rendered":"<p>Get money before your refund is ready with Fast Cash Advance.* The IRS releases 9 out of 10 days in less than 21 days. If you are impacted by PATH Act refund delays or just need money before the IRS can release it ask us about the Fast Cash Advance. Most loans are approved wtihin [&hellip;]<\/p>\n","protected":false},"author":1,"featured_media":0,"parent":0,"menu_order":0,"comment_status":"closed","ping_status":"closed","template":"","meta":{"_uag_custom_page_level_css":"","site-sidebar-layout":"default","site-content-layout":"plain-container","ast-site-content-layout":"default","site-content-style":"default","site-sidebar-style":"default","ast-global-header-display":"","ast-banner-title-visibility":"","ast-main-header-display":"","ast-hfb-above-header-display":"","ast-hfb-below-header-display":"","ast-hfb-mobile-header-display":"","site-post-title":"disabled","ast-breadcrumbs-content":"","ast-featured-img":"","footer-sml-layout":"","ast-disable-related-posts":"","theme-transparent-header-meta":"","adv-header-id-meta":"","stick-header-meta":"","header-above-stick-meta":"","header-main-stick-meta":"","header-below-stick-meta":"","astra-migrate-meta-layouts":"default","ast-page-background-enabled":"default","ast-page-background-meta":{"desktop":{"background-color":"var(--ast-global-color-4)","background-image":"","background-repeat":"repeat","background-position":"center center","background-size":"auto","background-attachment":"scroll","background-type":"","background-media":"","overlay-type":"","overlay-color":"","overlay-opacity":"","overlay-gradient":""},"tablet":{"background-color":"","background-image":"","background-repeat":"repeat","background-position":"center center","background-size":"auto","background-attachment":"scroll","background-type":"","background-media":"","overlay-type":"","overlay-color":"","overlay-opacity":"","overlay-gradient":""},"mobile":{"background-color":"","background-image":"","background-repeat":"repeat","background-position":"center center","background-size":"auto","background-attachment":"scroll","background-type":"","background-media":"","overlay-type":"","overlay-color":"","overlay-opacity":"","overlay-gradient":""}},"ast-content-background-meta":{"desktop":{"background-color":"var(--ast-global-color-5)","background-image":"","background-repeat":"repeat","background-position":"center center","background-size":"auto","background-attachment":"scroll","background-type":"","background-media":"","overlay-type":"","overlay-color":"","overlay-opacity":"","overlay-gradient":""},"tablet":{"background-color":"var(--ast-global-color-5)","background-image":"","background-repeat":"repeat","background-position":"center center","background-size":"auto","background-attachment":"scroll","background-type":"","background-media":"","overlay-type":"","overlay-color":"","overlay-opacity":"","overlay-gradient":""},"mobile":{"background-color":"var(--ast-global-color-5)","background-image":"","background-repeat":"repeat","background-position":"center center","background-size":"auto","background-attachment":"scroll","background-type":"","background-media":"","overlay-type":"","overlay-color":"","overlay-opacity":"","overlay-gradient":""}},"footnotes":""},"class_list":["post-1512","page","type-page","status-publish","hentry"],"yoast_head":"<!-- This site is optimized with the Yoast SEO plugin v27.6 - https:\/\/yoast.com\/product\/yoast-seo-wordpress\/ -->\n<title>Fast Cash Advance | Nation Tax Relief<\/title>\n<meta name=\"robots\" content=\"index, follow, max-snippet:-1, max-image-preview:large, max-video-preview:-1\" \/>\n<link rel=\"canonical\" href=\"https:\/\/nationtaxrelief.com\/es\/fastcashadvance\/\" \/>\n<meta property=\"og:locale\" content=\"es_ES\" \/>\n<meta property=\"og:type\" content=\"article\" \/>\n<meta property=\"og:title\" content=\"Fast Cash Advance | Nation Tax Relief\" \/>\n<meta property=\"og:description\" content=\"Get money before your refund is ready with Fast Cash Advance.* The IRS releases 9 out of 10 days in less than 21 days. If you are impacted by PATH Act refund delays or just need money before the IRS can release it ask us about the Fast Cash Advance. Most loans are approved wtihin [&hellip;]\" \/>\n<meta property=\"og:url\" content=\"https:\/\/nationtaxrelief.com\/es\/fastcashadvance\/\" \/>\n<meta property=\"og:site_name\" content=\"Nation Tax Relief\" \/>\n<meta property=\"article:publisher\" content=\"https:\/\/www.facebook.com\/nationtaxrelief\" \/>\n<meta property=\"article:modified_time\" content=\"2022-10-14T16:54:16+00:00\" \/>\n<meta property=\"og:image\" content=\"https:\/\/nationtaxrelief.com\/wp-content\/uploads\/2022\/10\/Even-when-lifes-hard-7.png\" \/>\n<meta name=\"twitter:card\" content=\"summary_large_image\" \/>\n<meta name=\"twitter:site\" content=\"@NationTaxRelief\" \/>\n<meta name=\"twitter:label1\" content=\"Tiempo de lectura\" \/>\n\t<meta name=\"twitter:data1\" content=\"2 minutos\" \/>\n<script type=\"application\/ld+json\" class=\"yoast-schema-graph\">{\"@context\":\"https:\\\/\\\/schema.org\",\"@graph\":[{\"@type\":\"WebPage\",\"@id\":\"https:\\\/\\\/nationtaxrelief.com\\\/fastcashadvance\\\/\",\"url\":\"https:\\\/\\\/nationtaxrelief.com\\\/fastcashadvance\\\/\",\"name\":\"Fast Cash Advance | Nation Tax Relief\",\"isPartOf\":{\"@id\":\"https:\\\/\\\/nationtaxrelief.com\\\/#website\"},\"primaryImageOfPage\":{\"@id\":\"https:\\\/\\\/nationtaxrelief.com\\\/fastcashadvance\\\/#primaryimage\"},\"image\":{\"@id\":\"https:\\\/\\\/nationtaxrelief.com\\\/fastcashadvance\\\/#primaryimage\"},\"thumbnailUrl\":\"https:\\\/\\\/nationtaxrelief.com\\\/wp-content\\\/uploads\\\/2022\\\/10\\\/Even-when-lifes-hard-7.png\",\"datePublished\":\"2022-10-14T16:02:03+00:00\",\"dateModified\":\"2022-10-14T16:54:16+00:00\",\"breadcrumb\":{\"@id\":\"https:\\\/\\\/nationtaxrelief.com\\\/fastcashadvance\\\/#breadcrumb\"},\"inLanguage\":\"es\",\"potentialAction\":[{\"@type\":\"ReadAction\",\"target\":[\"https:\\\/\\\/nationtaxrelief.com\\\/fastcashadvance\\\/\"]}]},{\"@type\":\"ImageObject\",\"inLanguage\":\"es\",\"@id\":\"https:\\\/\\\/nationtaxrelief.com\\\/fastcashadvance\\\/#primaryimage\",\"url\":\"https:\\\/\\\/nationtaxrelief.com\\\/wp-content\\\/uploads\\\/2022\\\/10\\\/Even-when-lifes-hard-7.png\",\"contentUrl\":\"https:\\\/\\\/nationtaxrelief.com\\\/wp-content\\\/uploads\\\/2022\\\/10\\\/Even-when-lifes-hard-7.png\"},{\"@type\":\"BreadcrumbList\",\"@id\":\"https:\\\/\\\/nationtaxrelief.com\\\/fastcashadvance\\\/#breadcrumb\",\"itemListElement\":[{\"@type\":\"ListItem\",\"position\":1,\"name\":\"Home\",\"item\":\"https:\\\/\\\/nationtaxrelief.com\\\/\"},{\"@type\":\"ListItem\",\"position\":2,\"name\":\"Fast Cash Advance\"}]},{\"@type\":\"WebSite\",\"@id\":\"https:\\\/\\\/nationtaxrelief.com\\\/#website\",\"url\":\"https:\\\/\\\/nationtaxrelief.com\\\/\",\"name\":\"Nation Tax Relief\",\"description\":\"Tax Solutions\",\"publisher\":{\"@id\":\"https:\\\/\\\/nationtaxrelief.com\\\/#organization\"},\"potentialAction\":[{\"@type\":\"SearchAction\",\"target\":{\"@type\":\"EntryPoint\",\"urlTemplate\":\"https:\\\/\\\/nationtaxrelief.com\\\/?s={search_term_string}\"},\"query-input\":{\"@type\":\"PropertyValueSpecification\",\"valueRequired\":true,\"valueName\":\"search_term_string\"}}],\"inLanguage\":\"es\"},{\"@type\":\"Organization\",\"@id\":\"https:\\\/\\\/nationtaxrelief.com\\\/#organization\",\"name\":\"Nation Tax Relief\",\"url\":\"https:\\\/\\\/nationtaxrelief.com\\\/\",\"logo\":{\"@type\":\"ImageObject\",\"inLanguage\":\"es\",\"@id\":\"https:\\\/\\\/nationtaxrelief.com\\\/#\\\/schema\\\/logo\\\/image\\\/\",\"url\":\"https:\\\/\\\/nationtaxrelief.com\\\/wp-content\\\/uploads\\\/2022\\\/10\\\/Fondo-blanco-scaled-e1665768289568.jpg\",\"contentUrl\":\"https:\\\/\\\/nationtaxrelief.com\\\/wp-content\\\/uploads\\\/2022\\\/10\\\/Fondo-blanco-scaled-e1665768289568.jpg\",\"width\":2560,\"height\":2144,\"caption\":\"Nation Tax Relief\"},\"image\":{\"@id\":\"https:\\\/\\\/nationtaxrelief.com\\\/#\\\/schema\\\/logo\\\/image\\\/\"},\"sameAs\":[\"https:\\\/\\\/www.facebook.com\\\/nationtaxrelief\",\"https:\\\/\\\/x.com\\\/NationTaxRelief\",\"https:\\\/\\\/www.instagram.com\\\/nationtaxrelief\\\/\"]}]}<\/script>\n<!-- \/ Yoast SEO plugin. -->","yoast_head_json":{"title":"Fast Cash Advance | Nation Tax Relief","robots":{"index":"index","follow":"follow","max-snippet":"max-snippet:-1","max-image-preview":"max-image-preview:large","max-video-preview":"max-video-preview:-1"},"canonical":"https:\/\/nationtaxrelief.com\/es\/fastcashadvance\/","og_locale":"es_ES","og_type":"article","og_title":"Fast Cash Advance | Nation Tax Relief","og_description":"Get money before your refund is ready with Fast Cash Advance.* The IRS releases 9 out of 10 days in less than 21 days. If you are impacted by PATH Act refund delays or just need money before the IRS can release it ask us about the Fast Cash Advance. Most loans are approved wtihin [&hellip;]","og_url":"https:\/\/nationtaxrelief.com\/es\/fastcashadvance\/","og_site_name":"Nation Tax Relief","article_publisher":"https:\/\/www.facebook.com\/nationtaxrelief","article_modified_time":"2022-10-14T16:54:16+00:00","og_image":[{"url":"https:\/\/nationtaxrelief.com\/wp-content\/uploads\/2022\/10\/Even-when-lifes-hard-7.png","type":"","width":"","height":""}],"twitter_card":"summary_large_image","twitter_site":"@NationTaxRelief","twitter_misc":{"Tiempo de lectura":"2 minutos"},"schema":{"@context":"https:\/\/schema.org","@graph":[{"@type":"WebPage","@id":"https:\/\/nationtaxrelief.com\/fastcashadvance\/","url":"https:\/\/nationtaxrelief.com\/fastcashadvance\/","name":"Fast Cash Advance | Nation Tax Relief","isPartOf":{"@id":"https:\/\/nationtaxrelief.com\/#website"},"primaryImageOfPage":{"@id":"https:\/\/nationtaxrelief.com\/fastcashadvance\/#primaryimage"},"image":{"@id":"https:\/\/nationtaxrelief.com\/fastcashadvance\/#primaryimage"},"thumbnailUrl":"https:\/\/nationtaxrelief.com\/wp-content\/uploads\/2022\/10\/Even-when-lifes-hard-7.png","datePublished":"2022-10-14T16:02:03+00:00","dateModified":"2022-10-14T16:54:16+00:00","breadcrumb":{"@id":"https:\/\/nationtaxrelief.com\/fastcashadvance\/#breadcrumb"},"inLanguage":"es","potentialAction":[{"@type":"ReadAction","target":["https:\/\/nationtaxrelief.com\/fastcashadvance\/"]}]},{"@type":"ImageObject","inLanguage":"es","@id":"https:\/\/nationtaxrelief.com\/fastcashadvance\/#primaryimage","url":"https:\/\/nationtaxrelief.com\/wp-content\/uploads\/2022\/10\/Even-when-lifes-hard-7.png","contentUrl":"https:\/\/nationtaxrelief.com\/wp-content\/uploads\/2022\/10\/Even-when-lifes-hard-7.png"},{"@type":"BreadcrumbList","@id":"https:\/\/nationtaxrelief.com\/fastcashadvance\/#breadcrumb","itemListElement":[{"@type":"ListItem","position":1,"name":"Home","item":"https:\/\/nationtaxrelief.com\/"},{"@type":"ListItem","position":2,"name":"Fast Cash Advance"}]},{"@type":"WebSite","@id":"https:\/\/nationtaxrelief.com\/#website","url":"https:\/\/nationtaxrelief.com\/","name":"Nation Tax Relief","description":"Tax Solutions","publisher":{"@id":"https:\/\/nationtaxrelief.com\/#organization"},"potentialAction":[{"@type":"SearchAction","target":{"@type":"EntryPoint","urlTemplate":"https:\/\/nationtaxrelief.com\/?s={search_term_string}"},"query-input":{"@type":"PropertyValueSpecification","valueRequired":true,"valueName":"search_term_string"}}],"inLanguage":"es"},{"@type":"Organization","@id":"https:\/\/nationtaxrelief.com\/#organization","name":"Nation Tax Relief","url":"https:\/\/nationtaxrelief.com\/","logo":{"@type":"ImageObject","inLanguage":"es","@id":"https:\/\/nationtaxrelief.com\/#\/schema\/logo\/image\/","url":"https:\/\/nationtaxrelief.com\/wp-content\/uploads\/2022\/10\/Fondo-blanco-scaled-e1665768289568.jpg","contentUrl":"https:\/\/nationtaxrelief.com\/wp-content\/uploads\/2022\/10\/Fondo-blanco-scaled-e1665768289568.jpg","width":2560,"height":2144,"caption":"Nation Tax Relief"},"image":{"@id":"https:\/\/nationtaxrelief.com\/#\/schema\/logo\/image\/"},"sameAs":["https:\/\/www.facebook.com\/nationtaxrelief","https:\/\/x.com\/NationTaxRelief","https:\/\/www.instagram.com\/nationtaxrelief\/"]}]}},"uagb_featured_image_src":{"full":false,"thumbnail":false,"medium":false,"medium_large":false,"large":false,"1536x1536":false,"2048x2048":false,"trp-custom-language-flag":false},"uagb_author_info":{"display_name":"Israel Gonzales","author_link":"https:\/\/nationtaxrelief.com\/es\/author\/beartagencia\/"},"uagb_comment_info":0,"uagb_excerpt":"Get money before your refund is ready with Fast Cash Advance.* The IRS releases 9 out of 10 days in less than 21 days. If you are impacted by PATH Act refund delays or just need money before the IRS can release it ask us about the Fast Cash Advance. Most loans are approved wtihin&hellip;","_links":{"self":[{"href":"https:\/\/nationtaxrelief.com\/es\/wp-json\/wp\/v2\/pages\/1512","targetHints":{"allow":["GET"]}}],"collection":[{"href":"https:\/\/nationtaxrelief.com\/es\/wp-json\/wp\/v2\/pages"}],"about":[{"href":"https:\/\/nationtaxrelief.com\/es\/wp-json\/wp\/v2\/types\/page"}],"author":[{"embeddable":true,"href":"https:\/\/nationtaxrelief.com\/es\/wp-json\/wp\/v2\/users\/1"}],"replies":[{"embeddable":true,"href":"https:\/\/nationtaxrelief.com\/es\/wp-json\/wp\/v2\/comments?post=1512"}],"version-history":[{"count":5,"href":"https:\/\/nationtaxrelief.com\/es\/wp-json\/wp\/v2\/pages\/1512\/revisions"}],"predecessor-version":[{"id":1529,"href":"https:\/\/nationtaxrelief.com\/es\/wp-json\/wp\/v2\/pages\/1512\/revisions\/1529"}],"wp:attachment":[{"href":"https:\/\/nationtaxrelief.com\/es\/wp-json\/wp\/v2\/media?parent=1512"}],"curies":[{"name":"wp","href":"https:\/\/api.w.org\/{rel}","templated":true}]}}