{"id":1502,"date":"2022-10-14T15:11:35","date_gmt":"2022-10-14T15:11:35","guid":{"rendered":"https:\/\/nationtaxrelief.com\/?page_id=1502"},"modified":"2022-10-14T16:52:35","modified_gmt":"2022-10-14T16:52:35","slug":"pay-0","status":"publish","type":"page","link":"https:\/\/nationtaxrelief.com\/es\/pay-0\/","title":{"rendered":"PAY 0"},"content":{"rendered":"<div class=\"wp-block-cover alignfull is-light uag-hide-tab uag-hide-mob\" style=\"min-height:550px;aspect-ratio:unset;\"><span aria-hidden=\"true\" class=\"wp-block-cover__background has-background-dim-0 has-background-dim\"><\/span><img loading=\"lazy\" decoding=\"async\" width=\"1200\" height=\"400\" class=\"wp-block-cover__image-background wp-image-1503\" alt=\"\" src=\"https:\/\/nationtaxrelief.com\/wp-content\/uploads\/2022\/10\/Even-when-lifes-hard-3-1.png\" data-object-fit=\"cover\" srcset=\"https:\/\/nationtaxrelief.com\/wp-content\/uploads\/2022\/10\/Even-when-lifes-hard-3-1.png 1200w, https:\/\/nationtaxrelief.com\/wp-content\/uploads\/2022\/10\/Even-when-lifes-hard-3-1-300x100.png 300w, https:\/\/nationtaxrelief.com\/wp-content\/uploads\/2022\/10\/Even-when-lifes-hard-3-1-1024x341.png 1024w, https:\/\/nationtaxrelief.com\/wp-content\/uploads\/2022\/10\/Even-when-lifes-hard-3-1-768x256.png 768w, https:\/\/nationtaxrelief.com\/wp-content\/uploads\/2022\/10\/Even-when-lifes-hard-3-1-18x6.png 18w\" sizes=\"auto, (max-width: 1200px) 100vw, 1200px\" \/><div class=\"wp-block-cover__inner-container is-layout-flow wp-block-cover-is-layout-flow\">\n<p class=\"has-text-align-center has-large-font-size\"><\/p>\n<\/div><\/div>\n\n\n\n<div style=\"height:32px\" aria-hidden=\"true\" class=\"wp-block-spacer\"><\/div>\n\n\n\n<h1 class=\"has-text-align-center wp-block-heading\"><strong>Pagar la preparaci\u00f3n de los impuestos con su reembolso<\/strong><\/h1>\n\n\n\n<h4 class=\"has-text-align-center wp-block-heading\">Si est\u00e1 esperando un reembolso, \u00bfsab\u00eda que puede pagar la preparaci\u00f3n de impuestos con su reembolso?* No hay que pagar nada por adelantado y tomaremos nuestros honorarios de su reembolso y el resto se le entregar\u00e1 sin demora.<\/h4>\n\n\n\n<h2 class=\"has-text-align-center wp-block-heading\"><strong>Y la posibilidad de ganar una tarjeta de regalo de 500 d\u00f3lares de Amazon<\/strong><\/h2>\n\n\n\n<h4 class=\"has-text-align-center wp-block-heading\">Si pagas antes del 15 de abril, tambi\u00e9n tendr\u00e1s la oportunidad de ganar una tarjeta de regalo de 500 d\u00f3lares de Amazon. Cada semana se sortea un nuevo ganador.**<\/h4>\n\n\n\n<p><em>* Las transferencias de reembolso son productos de dep\u00f3sito mediante Civista Bank, Member FDIC, que permiten procesar ciertas deducciones de la cuenta. Las transferencias de reembolso no son pr\u00e9stamos. Se requiere el reembolso de impuestos y la presentaci\u00f3n electr\u00f3nica para recibir la Transferencia de Reembolso. Se aplican tasas. Los t\u00e9rminos y condiciones est\u00e1n sujetos a cambios sin previo aviso. Pregunte a su preparador sobre otras opciones de presentaci\u00f3n electr\u00f3nica del IRS, algunas de las cuales se ofrecen sin coste adicional.<\/em><\/p>\n\n\n\n<p><em>** No es necesario comprar. Finaliza el 15\/4\/21. Sujeto a las reglas oficiales disponibles en https:\/\/www.sbtpg.com\/win-an-amazon-gift-card\/. Abierto a residentes legales permanentes mayores de 18 a\u00f1os en los 50 Estados Unidos, DC y PR. Nulo donde est\u00e9 prohibido. Amazon y el logotipo de Amazon son marcas comerciales de Amazon. Se aplican restricciones. Ver amazon.com\/gc-legal<\/em><\/p>\n\n\n\n<div style=\"height:100px\" aria-hidden=\"true\" class=\"wp-block-spacer\"><\/div>","protected":false},"excerpt":{"rendered":"<p>Pay for tax preparation with your refund If you&#8217;re expecting a refund did you know you can pay for tax preparation with your refund?* There&#8217;s nothing to pay up-front and we&#8217;ll take our fee from your refund and the remainder is issued to you with no delay. Plus a Chance to Win a $500 Amazon [&hellip;]<\/p>\n","protected":false},"author":1,"featured_media":0,"parent":0,"menu_order":0,"comment_status":"closed","ping_status":"closed","template":"","meta":{"_uag_custom_page_level_css":"","site-sidebar-layout":"no-sidebar","site-content-layout":"plain-container","ast-site-content-layout":"default","site-content-style":"default","site-sidebar-style":"default","ast-global-header-display":"","ast-banner-title-visibility":"","ast-main-header-display":"","ast-hfb-above-header-display":"","ast-hfb-below-header-display":"","ast-hfb-mobile-header-display":"","site-post-title":"disabled","ast-breadcrumbs-content":"","ast-featured-img":"","footer-sml-layout":"","ast-disable-related-posts":"","theme-transparent-header-meta":"","adv-header-id-meta":"","stick-header-meta":"","header-above-stick-meta":"","header-main-stick-meta":"","header-below-stick-meta":"","astra-migrate-meta-layouts":"default","ast-page-background-enabled":"default","ast-page-background-meta":{"desktop":{"background-color":"var(--ast-global-color-4)","background-image":"","background-repeat":"repeat","background-position":"center center","background-size":"auto","background-attachment":"scroll","background-type":"","background-media":"","overlay-type":"","overlay-color":"","overlay-opacity":"","overlay-gradient":""},"tablet":{"background-color":"","background-image":"","background-repeat":"repeat","background-position":"center center","background-size":"auto","background-attachment":"scroll","background-type":"","background-media":"","overlay-type":"","overlay-color":"","overlay-opacity":"","overlay-gradient":""},"mobile":{"background-color":"","background-image":"","background-repeat":"repeat","background-position":"center center","background-size":"auto","background-attachment":"scroll","background-type":"","background-media":"","overlay-type":"","overlay-color":"","overlay-opacity":"","overlay-gradient":""}},"ast-content-background-meta":{"desktop":{"background-color":"var(--ast-global-color-5)","background-image":"","background-repeat":"repeat","background-position":"center center","background-size":"auto","background-attachment":"scroll","background-type":"","background-media":"","overlay-type":"","overlay-color":"","overlay-opacity":"","overlay-gradient":""},"tablet":{"background-color":"var(--ast-global-color-5)","background-image":"","background-repeat":"repeat","background-position":"center center","background-size":"auto","background-attachment":"scroll","background-type":"","background-media":"","overlay-type":"","overlay-color":"","overlay-opacity":"","overlay-gradient":""},"mobile":{"background-color":"var(--ast-global-color-5)","background-image":"","background-repeat":"repeat","background-position":"center center","background-size":"auto","background-attachment":"scroll","background-type":"","background-media":"","overlay-type":"","overlay-color":"","overlay-opacity":"","overlay-gradient":""}},"footnotes":""},"class_list":["post-1502","page","type-page","status-publish","hentry"],"yoast_head":"<!-- This site is optimized with the Yoast SEO plugin v27.4 - https:\/\/yoast.com\/product\/yoast-seo-wordpress\/ -->\n<title>PAY 0 | Nation Tax Relief<\/title>\n<meta name=\"robots\" content=\"index, follow, max-snippet:-1, max-image-preview:large, max-video-preview:-1\" \/>\n<link rel=\"canonical\" href=\"https:\/\/nationtaxrelief.com\/es\/pay-0\/\" \/>\n<meta property=\"og:locale\" content=\"es_ES\" \/>\n<meta property=\"og:type\" content=\"article\" \/>\n<meta property=\"og:title\" content=\"PAY 0 | Nation Tax Relief\" \/>\n<meta property=\"og:description\" content=\"Pay for tax preparation with your refund If you&#8217;re expecting a refund did you know you can pay for tax preparation with your refund?* There&#8217;s nothing to pay up-front and we&#8217;ll take our fee from your refund and the remainder is issued to you with no delay. Plus a Chance to Win a $500 Amazon [&hellip;]\" \/>\n<meta property=\"og:url\" content=\"https:\/\/nationtaxrelief.com\/es\/pay-0\/\" \/>\n<meta property=\"og:site_name\" content=\"Nation Tax Relief\" \/>\n<meta property=\"article:publisher\" content=\"https:\/\/www.facebook.com\/nationtaxrelief\" \/>\n<meta property=\"article:modified_time\" content=\"2022-10-14T16:52:35+00:00\" \/>\n<meta property=\"og:image\" content=\"https:\/\/nationtaxrelief.com\/wp-content\/uploads\/2022\/10\/Even-when-lifes-hard-3-1.png\" \/>\n<meta name=\"twitter:card\" content=\"summary_large_image\" \/>\n<meta name=\"twitter:site\" content=\"@NationTaxRelief\" \/>\n<meta name=\"twitter:label1\" content=\"Tiempo de lectura\" \/>\n\t<meta name=\"twitter:data1\" content=\"2 minutos\" \/>\n<script type=\"application\/ld+json\" class=\"yoast-schema-graph\">{\"@context\":\"https:\\\/\\\/schema.org\",\"@graph\":[{\"@type\":\"WebPage\",\"@id\":\"https:\\\/\\\/nationtaxrelief.com\\\/pay-0\\\/\",\"url\":\"https:\\\/\\\/nationtaxrelief.com\\\/pay-0\\\/\",\"name\":\"PAY 0 | Nation Tax Relief\",\"isPartOf\":{\"@id\":\"https:\\\/\\\/nationtaxrelief.com\\\/#website\"},\"primaryImageOfPage\":{\"@id\":\"https:\\\/\\\/nationtaxrelief.com\\\/pay-0\\\/#primaryimage\"},\"image\":{\"@id\":\"https:\\\/\\\/nationtaxrelief.com\\\/pay-0\\\/#primaryimage\"},\"thumbnailUrl\":\"https:\\\/\\\/nationtaxrelief.com\\\/wp-content\\\/uploads\\\/2022\\\/10\\\/Even-when-lifes-hard-3-1.png\",\"datePublished\":\"2022-10-14T15:11:35+00:00\",\"dateModified\":\"2022-10-14T16:52:35+00:00\",\"breadcrumb\":{\"@id\":\"https:\\\/\\\/nationtaxrelief.com\\\/pay-0\\\/#breadcrumb\"},\"inLanguage\":\"es\",\"potentialAction\":[{\"@type\":\"ReadAction\",\"target\":[\"https:\\\/\\\/nationtaxrelief.com\\\/pay-0\\\/\"]}]},{\"@type\":\"ImageObject\",\"inLanguage\":\"es\",\"@id\":\"https:\\\/\\\/nationtaxrelief.com\\\/pay-0\\\/#primaryimage\",\"url\":\"https:\\\/\\\/nationtaxrelief.com\\\/wp-content\\\/uploads\\\/2022\\\/10\\\/Even-when-lifes-hard-3-1.png\",\"contentUrl\":\"https:\\\/\\\/nationtaxrelief.com\\\/wp-content\\\/uploads\\\/2022\\\/10\\\/Even-when-lifes-hard-3-1.png\"},{\"@type\":\"BreadcrumbList\",\"@id\":\"https:\\\/\\\/nationtaxrelief.com\\\/pay-0\\\/#breadcrumb\",\"itemListElement\":[{\"@type\":\"ListItem\",\"position\":1,\"name\":\"Home\",\"item\":\"https:\\\/\\\/nationtaxrelief.com\\\/\"},{\"@type\":\"ListItem\",\"position\":2,\"name\":\"PAY 0\"}]},{\"@type\":\"WebSite\",\"@id\":\"https:\\\/\\\/nationtaxrelief.com\\\/#website\",\"url\":\"https:\\\/\\\/nationtaxrelief.com\\\/\",\"name\":\"Nation Tax Relief\",\"description\":\"Tax Solutions\",\"publisher\":{\"@id\":\"https:\\\/\\\/nationtaxrelief.com\\\/#organization\"},\"potentialAction\":[{\"@type\":\"SearchAction\",\"target\":{\"@type\":\"EntryPoint\",\"urlTemplate\":\"https:\\\/\\\/nationtaxrelief.com\\\/?s={search_term_string}\"},\"query-input\":{\"@type\":\"PropertyValueSpecification\",\"valueRequired\":true,\"valueName\":\"search_term_string\"}}],\"inLanguage\":\"es\"},{\"@type\":\"Organization\",\"@id\":\"https:\\\/\\\/nationtaxrelief.com\\\/#organization\",\"name\":\"Nation Tax Relief\",\"url\":\"https:\\\/\\\/nationtaxrelief.com\\\/\",\"logo\":{\"@type\":\"ImageObject\",\"inLanguage\":\"es\",\"@id\":\"https:\\\/\\\/nationtaxrelief.com\\\/#\\\/schema\\\/logo\\\/image\\\/\",\"url\":\"https:\\\/\\\/nationtaxrelief.com\\\/wp-content\\\/uploads\\\/2022\\\/10\\\/Fondo-blanco-scaled-e1665768289568.jpg\",\"contentUrl\":\"https:\\\/\\\/nationtaxrelief.com\\\/wp-content\\\/uploads\\\/2022\\\/10\\\/Fondo-blanco-scaled-e1665768289568.jpg\",\"width\":2560,\"height\":2144,\"caption\":\"Nation Tax Relief\"},\"image\":{\"@id\":\"https:\\\/\\\/nationtaxrelief.com\\\/#\\\/schema\\\/logo\\\/image\\\/\"},\"sameAs\":[\"https:\\\/\\\/www.facebook.com\\\/nationtaxrelief\",\"https:\\\/\\\/x.com\\\/NationTaxRelief\",\"https:\\\/\\\/www.instagram.com\\\/nationtaxrelief\\\/\"]}]}<\/script>\n<!-- \/ Yoast SEO plugin. -->","yoast_head_json":{"title":"PAY 0 | Nation Tax Relief","robots":{"index":"index","follow":"follow","max-snippet":"max-snippet:-1","max-image-preview":"max-image-preview:large","max-video-preview":"max-video-preview:-1"},"canonical":"https:\/\/nationtaxrelief.com\/es\/pay-0\/","og_locale":"es_ES","og_type":"article","og_title":"PAY 0 | Nation Tax Relief","og_description":"Pay for tax preparation with your refund If you&#8217;re expecting a refund did you know you can pay for tax preparation with your refund?* There&#8217;s nothing to pay up-front and we&#8217;ll take our fee from your refund and the remainder is issued to you with no delay. Plus a Chance to Win a $500 Amazon [&hellip;]","og_url":"https:\/\/nationtaxrelief.com\/es\/pay-0\/","og_site_name":"Nation Tax Relief","article_publisher":"https:\/\/www.facebook.com\/nationtaxrelief","article_modified_time":"2022-10-14T16:52:35+00:00","og_image":[{"url":"https:\/\/nationtaxrelief.com\/wp-content\/uploads\/2022\/10\/Even-when-lifes-hard-3-1.png","type":"","width":"","height":""}],"twitter_card":"summary_large_image","twitter_site":"@NationTaxRelief","twitter_misc":{"Tiempo de lectura":"2 minutos"},"schema":{"@context":"https:\/\/schema.org","@graph":[{"@type":"WebPage","@id":"https:\/\/nationtaxrelief.com\/pay-0\/","url":"https:\/\/nationtaxrelief.com\/pay-0\/","name":"PAY 0 | Nation Tax Relief","isPartOf":{"@id":"https:\/\/nationtaxrelief.com\/#website"},"primaryImageOfPage":{"@id":"https:\/\/nationtaxrelief.com\/pay-0\/#primaryimage"},"image":{"@id":"https:\/\/nationtaxrelief.com\/pay-0\/#primaryimage"},"thumbnailUrl":"https:\/\/nationtaxrelief.com\/wp-content\/uploads\/2022\/10\/Even-when-lifes-hard-3-1.png","datePublished":"2022-10-14T15:11:35+00:00","dateModified":"2022-10-14T16:52:35+00:00","breadcrumb":{"@id":"https:\/\/nationtaxrelief.com\/pay-0\/#breadcrumb"},"inLanguage":"es","potentialAction":[{"@type":"ReadAction","target":["https:\/\/nationtaxrelief.com\/pay-0\/"]}]},{"@type":"ImageObject","inLanguage":"es","@id":"https:\/\/nationtaxrelief.com\/pay-0\/#primaryimage","url":"https:\/\/nationtaxrelief.com\/wp-content\/uploads\/2022\/10\/Even-when-lifes-hard-3-1.png","contentUrl":"https:\/\/nationtaxrelief.com\/wp-content\/uploads\/2022\/10\/Even-when-lifes-hard-3-1.png"},{"@type":"BreadcrumbList","@id":"https:\/\/nationtaxrelief.com\/pay-0\/#breadcrumb","itemListElement":[{"@type":"ListItem","position":1,"name":"Home","item":"https:\/\/nationtaxrelief.com\/"},{"@type":"ListItem","position":2,"name":"PAY 0"}]},{"@type":"WebSite","@id":"https:\/\/nationtaxrelief.com\/#website","url":"https:\/\/nationtaxrelief.com\/","name":"Nation Tax Relief","description":"Tax Solutions","publisher":{"@id":"https:\/\/nationtaxrelief.com\/#organization"},"potentialAction":[{"@type":"SearchAction","target":{"@type":"EntryPoint","urlTemplate":"https:\/\/nationtaxrelief.com\/?s={search_term_string}"},"query-input":{"@type":"PropertyValueSpecification","valueRequired":true,"valueName":"search_term_string"}}],"inLanguage":"es"},{"@type":"Organization","@id":"https:\/\/nationtaxrelief.com\/#organization","name":"Nation Tax Relief","url":"https:\/\/nationtaxrelief.com\/","logo":{"@type":"ImageObject","inLanguage":"es","@id":"https:\/\/nationtaxrelief.com\/#\/schema\/logo\/image\/","url":"https:\/\/nationtaxrelief.com\/wp-content\/uploads\/2022\/10\/Fondo-blanco-scaled-e1665768289568.jpg","contentUrl":"https:\/\/nationtaxrelief.com\/wp-content\/uploads\/2022\/10\/Fondo-blanco-scaled-e1665768289568.jpg","width":2560,"height":2144,"caption":"Nation Tax Relief"},"image":{"@id":"https:\/\/nationtaxrelief.com\/#\/schema\/logo\/image\/"},"sameAs":["https:\/\/www.facebook.com\/nationtaxrelief","https:\/\/x.com\/NationTaxRelief","https:\/\/www.instagram.com\/nationtaxrelief\/"]}]}},"uagb_featured_image_src":{"full":false,"thumbnail":false,"medium":false,"medium_large":false,"large":false,"1536x1536":false,"2048x2048":false,"trp-custom-language-flag":false},"uagb_author_info":{"display_name":"Israel Gonzales","author_link":"https:\/\/nationtaxrelief.com\/es\/author\/beartagencia\/"},"uagb_comment_info":0,"uagb_excerpt":"Pay for tax preparation with your refund If you&#8217;re expecting a refund did you know you can pay for tax preparation with your refund?* There&#8217;s nothing to pay up-front and we&#8217;ll take our fee from your refund and the remainder is issued to you with no delay. Plus a Chance to Win a $500 Amazon&hellip;","_links":{"self":[{"href":"https:\/\/nationtaxrelief.com\/es\/wp-json\/wp\/v2\/pages\/1502","targetHints":{"allow":["GET"]}}],"collection":[{"href":"https:\/\/nationtaxrelief.com\/es\/wp-json\/wp\/v2\/pages"}],"about":[{"href":"https:\/\/nationtaxrelief.com\/es\/wp-json\/wp\/v2\/types\/page"}],"author":[{"embeddable":true,"href":"https:\/\/nationtaxrelief.com\/es\/wp-json\/wp\/v2\/users\/1"}],"replies":[{"embeddable":true,"href":"https:\/\/nationtaxrelief.com\/es\/wp-json\/wp\/v2\/comments?post=1502"}],"version-history":[{"count":5,"href":"https:\/\/nationtaxrelief.com\/es\/wp-json\/wp\/v2\/pages\/1502\/revisions"}],"predecessor-version":[{"id":1528,"href":"https:\/\/nationtaxrelief.com\/es\/wp-json\/wp\/v2\/pages\/1502\/revisions\/1528"}],"wp:attachment":[{"href":"https:\/\/nationtaxrelief.com\/es\/wp-json\/wp\/v2\/media?parent=1502"}],"curies":[{"name":"wp","href":"https:\/\/api.w.org\/{rel}","templated":true}]}}