{"id":1407,"date":"2022-10-13T20:08:50","date_gmt":"2022-10-13T20:08:50","guid":{"rendered":"https:\/\/nationtaxrelief.com\/booking-page\/"},"modified":"2022-10-14T17:10:20","modified_gmt":"2022-10-14T17:10:20","slug":"booking-page","status":"publish","type":"page","link":"https:\/\/nationtaxrelief.com\/es\/booking-page\/","title":{"rendered":"PROGRAMA UNA CONSULTA"},"content":{"rendered":"<figure class=\"wp-block-image aligncenter size-thumbnail\"><img loading=\"lazy\" decoding=\"async\" width=\"150\" height=\"150\" src=\"https:\/\/nationtaxrelief.com\/wp-content\/uploads\/2022\/10\/Fran_Redes-323-150x150.png\" alt=\"\" class=\"wp-image-1532\" srcset=\"https:\/\/nationtaxrelief.com\/wp-content\/uploads\/2022\/10\/Fran_Redes-323-150x150.png 150w, https:\/\/nationtaxrelief.com\/wp-content\/uploads\/2022\/10\/Fran_Redes-323-300x300.png 300w, https:\/\/nationtaxrelief.com\/wp-content\/uploads\/2022\/10\/Fran_Redes-323-1024x1024.png 1024w, https:\/\/nationtaxrelief.com\/wp-content\/uploads\/2022\/10\/Fran_Redes-323-768x768.png 768w, https:\/\/nationtaxrelief.com\/wp-content\/uploads\/2022\/10\/Fran_Redes-323-12x12.png 12w, https:\/\/nationtaxrelief.com\/wp-content\/uploads\/2022\/10\/Fran_Redes-323.png 1080w\" sizes=\"auto, (max-width: 150px) 100vw, 150px\" \/><\/figure>\n\n\n\n<h2 class=\"has-text-align-center wp-block-heading\">PROGRAMA UNA CONSULTA<\/h2>\n\n\n<button class=\"wappointment_widget\" style=\"display:none\" data-center=\"1\" data-large-version=\"1\" data-button-title=\"Book now!\">\u00a1Reserve ahora!<\/button>\n\n\n\n<p><\/p>\n\n\n\n<p class=\"has-text-align-center\">Nuestras consultas son totalmente gratuitas.<br>Al hacer clic en el bot\u00f3n podr\u00e1 elegir un d\u00eda y una hora para programar su cita, debe dejar su correo electr\u00f3nico y n\u00famero de contacto.<br>Utilizamos como servicio de reuniones la aplicaci\u00f3n conocida como: ZOOM.<br>En caso de que no la tengas instalada puedes descargarla a trav\u00e9s de tu \"App Store\" o de la web oficial de la app.<\/p>\n\n\n\n<p class=\"has-text-align-center\"><br><\/p>\n\n\n\n<div class=\"wp-block-buttons is-layout-flex wp-block-buttons-is-layout-flex\">\n<div class=\"wp-block-button aligncenter\"><a class=\"wp-block-button__link\" href=\"https:\/\/zoom.us\/\" target=\"_blank\" rel=\"noreferrer noopener\">Web oficial de Zoom<\/a><\/div>\n<\/div>\n\n\n\n<div class=\"inherit-container-width wp-block-group is-layout-constrained wp-block-group-is-layout-constrained\"><div class=\"wp-block-group__inner-container\">\n<div class=\"wp-block-uagb-container uagb-block-162a2ce4 alignfull uagb-is-root-container\"><div class=\"uagb-container-inner-blocks-wrap\">\n<div class=\"wp-block-uagb-container uagb-block-e2e887ae\">\n<div class=\"wp-block-uagb-container uagb-block-e6785976\">\n<figure class=\"wp-block-image aligncenter size-medium\"><a href=\"https:\/\/apps.apple.com\/ve\/app\/zoom-cloud-meetings\/id546505307\" target=\"_blank\" rel=\"noreferrer noopener\"><img loading=\"lazy\" decoding=\"async\" width=\"300\" height=\"104\" src=\"https:\/\/nationtaxrelief.com\/wp-content\/uploads\/2022\/10\/app-store-button-300x104.png\" alt=\"\" class=\"wp-image-1485\" srcset=\"https:\/\/nationtaxrelief.com\/wp-content\/uploads\/2022\/10\/app-store-button-300x104.png 300w, https:\/\/nationtaxrelief.com\/wp-content\/uploads\/2022\/10\/app-store-button-768x266.png 768w, https:\/\/nationtaxrelief.com\/wp-content\/uploads\/2022\/10\/app-store-button-18x6.png 18w, https:\/\/nationtaxrelief.com\/wp-content\/uploads\/2022\/10\/app-store-button.png 1000w\" sizes=\"auto, (max-width: 300px) 100vw, 300px\" \/><\/a><\/figure>\n<\/div>\n\n\n\n<div class=\"wp-block-uagb-container uagb-block-efb7b2bd\">\n<figure class=\"wp-block-image aligncenter size-medium\"><a href=\"https:\/\/play.google.com\/store\/apps\/details?id=us.zoom.videomeetings&amp;hl=es_VE&amp;gl=US\" target=\"_blank\" rel=\"noreferrer noopener\"><img loading=\"lazy\" decoding=\"async\" width=\"300\" height=\"98\" src=\"https:\/\/nationtaxrelief.com\/wp-content\/uploads\/2022\/10\/png-transparent-iphone-google-play-android-get-started-now-button-electronics-text-logo-300x98.png\" alt=\"\" class=\"wp-image-1487\" srcset=\"https:\/\/nationtaxrelief.com\/wp-content\/uploads\/2022\/10\/png-transparent-iphone-google-play-android-get-started-now-button-electronics-text-logo-300x98.png 300w, https:\/\/nationtaxrelief.com\/wp-content\/uploads\/2022\/10\/png-transparent-iphone-google-play-android-get-started-now-button-electronics-text-logo-768x252.png 768w, https:\/\/nationtaxrelief.com\/wp-content\/uploads\/2022\/10\/png-transparent-iphone-google-play-android-get-started-now-button-electronics-text-logo-18x6.png 18w, https:\/\/nationtaxrelief.com\/wp-content\/uploads\/2022\/10\/png-transparent-iphone-google-play-android-get-started-now-button-electronics-text-logo.png 920w\" sizes=\"auto, (max-width: 300px) 100vw, 300px\" \/><\/a><\/figure>\n<\/div>\n<\/div>\n<\/div><\/div>\n<\/div><\/div>","protected":false},"excerpt":{"rendered":"<p>SCHEDULE A CONSULTATION Our consultations are completely free of charge.By clicking on the button you will be able to choose a day and time to schedule your appointment, you must leave your email and contact number.We use as a meeting service the application known as: ZOOM.In case you don&#8217;t have it installed you can download [&hellip;]<\/p>\n","protected":false},"author":1,"featured_media":0,"parent":0,"menu_order":0,"comment_status":"closed","ping_status":"closed","template":"","meta":{"_uag_custom_page_level_css":"","site-sidebar-layout":"default","site-content-layout":"","ast-site-content-layout":"default","site-content-style":"default","site-sidebar-style":"default","ast-global-header-display":"","ast-banner-title-visibility":"","ast-main-header-display":"","ast-hfb-above-header-display":"","ast-hfb-below-header-display":"","ast-hfb-mobile-header-display":"","site-post-title":"disabled","ast-breadcrumbs-content":"","ast-featured-img":"","footer-sml-layout":"","ast-disable-related-posts":"","theme-transparent-header-meta":"","adv-header-id-meta":"","stick-header-meta":"","header-above-stick-meta":"","header-main-stick-meta":"","header-below-stick-meta":"","astra-migrate-meta-layouts":"default","ast-page-background-enabled":"default","ast-page-background-meta":{"desktop":{"background-color":"var(--ast-global-color-4)","background-image":"","background-repeat":"repeat","background-position":"center center","background-size":"auto","background-attachment":"scroll","background-type":"","background-media":"","overlay-type":"","overlay-color":"","overlay-opacity":"","overlay-gradient":""},"tablet":{"background-color":"","background-image":"","background-repeat":"repeat","background-position":"center center","background-size":"auto","background-attachment":"scroll","background-type":"","background-media":"","overlay-type":"","overlay-color":"","overlay-opacity":"","overlay-gradient":""},"mobile":{"background-color":"","background-image":"","background-repeat":"repeat","background-position":"center center","background-size":"auto","background-attachment":"scroll","background-type":"","background-media":"","overlay-type":"","overlay-color":"","overlay-opacity":"","overlay-gradient":""}},"ast-content-background-meta":{"desktop":{"background-color":"var(--ast-global-color-5)","background-image":"","background-repeat":"repeat","background-position":"center center","background-size":"auto","background-attachment":"scroll","background-type":"","background-media":"","overlay-type":"","overlay-color":"","overlay-opacity":"","overlay-gradient":""},"tablet":{"background-color":"var(--ast-global-color-5)","background-image":"","background-repeat":"repeat","background-position":"center center","background-size":"auto","background-attachment":"scroll","background-type":"","background-media":"","overlay-type":"","overlay-color":"","overlay-opacity":"","overlay-gradient":""},"mobile":{"background-color":"var(--ast-global-color-5)","background-image":"","background-repeat":"repeat","background-position":"center center","background-size":"auto","background-attachment":"scroll","background-type":"","background-media":"","overlay-type":"","overlay-color":"","overlay-opacity":"","overlay-gradient":""}},"footnotes":""},"class_list":["post-1407","page","type-page","status-publish","hentry"],"yoast_head":"<!-- This site is optimized with the Yoast SEO plugin v27.4 - https:\/\/yoast.com\/product\/yoast-seo-wordpress\/ -->\n<title>SCHEDULE A CONSULTATION | Nation Tax Relief<\/title>\n<meta name=\"robots\" content=\"index, follow, max-snippet:-1, max-image-preview:large, max-video-preview:-1\" \/>\n<link rel=\"canonical\" href=\"https:\/\/nationtaxrelief.com\/es\/booking-page\/\" \/>\n<meta property=\"og:locale\" content=\"es_ES\" \/>\n<meta property=\"og:type\" content=\"article\" \/>\n<meta property=\"og:title\" content=\"SCHEDULE A CONSULTATION | Nation Tax Relief\" \/>\n<meta property=\"og:description\" content=\"SCHEDULE A CONSULTATION Our consultations are completely free of charge.By clicking on the button you will be able to choose a day and time to schedule your appointment, you must leave your email and contact number.We use as a meeting service the application known as: ZOOM.In case you don&#8217;t have it installed you can download [&hellip;]\" \/>\n<meta property=\"og:url\" content=\"https:\/\/nationtaxrelief.com\/es\/booking-page\/\" \/>\n<meta property=\"og:site_name\" content=\"Nation Tax Relief\" \/>\n<meta property=\"article:publisher\" content=\"https:\/\/www.facebook.com\/nationtaxrelief\" \/>\n<meta property=\"article:modified_time\" content=\"2022-10-14T17:10:20+00:00\" \/>\n<meta property=\"og:image\" content=\"https:\/\/nationtaxrelief.com\/wp-content\/uploads\/2022\/10\/Fran_Redes-323-150x150.png\" \/>\n<meta name=\"twitter:card\" content=\"summary_large_image\" \/>\n<meta name=\"twitter:site\" content=\"@NationTaxRelief\" \/>\n<meta name=\"twitter:label1\" content=\"Tiempo de lectura\" \/>\n\t<meta name=\"twitter:data1\" content=\"1 minuto\" \/>\n<script type=\"application\/ld+json\" class=\"yoast-schema-graph\">{\"@context\":\"https:\\\/\\\/schema.org\",\"@graph\":[{\"@type\":\"WebPage\",\"@id\":\"https:\\\/\\\/nationtaxrelief.com\\\/booking-page\\\/\",\"url\":\"https:\\\/\\\/nationtaxrelief.com\\\/booking-page\\\/\",\"name\":\"SCHEDULE A CONSULTATION | Nation Tax Relief\",\"isPartOf\":{\"@id\":\"https:\\\/\\\/nationtaxrelief.com\\\/#website\"},\"primaryImageOfPage\":{\"@id\":\"https:\\\/\\\/nationtaxrelief.com\\\/booking-page\\\/#primaryimage\"},\"image\":{\"@id\":\"https:\\\/\\\/nationtaxrelief.com\\\/booking-page\\\/#primaryimage\"},\"thumbnailUrl\":\"https:\\\/\\\/nationtaxrelief.com\\\/wp-content\\\/uploads\\\/2022\\\/10\\\/Fran_Redes-323-150x150.png\",\"datePublished\":\"2022-10-13T20:08:50+00:00\",\"dateModified\":\"2022-10-14T17:10:20+00:00\",\"breadcrumb\":{\"@id\":\"https:\\\/\\\/nationtaxrelief.com\\\/booking-page\\\/#breadcrumb\"},\"inLanguage\":\"es\",\"potentialAction\":[{\"@type\":\"ReadAction\",\"target\":[\"https:\\\/\\\/nationtaxrelief.com\\\/booking-page\\\/\"]}]},{\"@type\":\"ImageObject\",\"inLanguage\":\"es\",\"@id\":\"https:\\\/\\\/nationtaxrelief.com\\\/booking-page\\\/#primaryimage\",\"url\":\"https:\\\/\\\/nationtaxrelief.com\\\/wp-content\\\/uploads\\\/2022\\\/10\\\/Fran_Redes-323-150x150.png\",\"contentUrl\":\"https:\\\/\\\/nationtaxrelief.com\\\/wp-content\\\/uploads\\\/2022\\\/10\\\/Fran_Redes-323-150x150.png\"},{\"@type\":\"BreadcrumbList\",\"@id\":\"https:\\\/\\\/nationtaxrelief.com\\\/booking-page\\\/#breadcrumb\",\"itemListElement\":[{\"@type\":\"ListItem\",\"position\":1,\"name\":\"Home\",\"item\":\"https:\\\/\\\/nationtaxrelief.com\\\/\"},{\"@type\":\"ListItem\",\"position\":2,\"name\":\"SCHEDULE A CONSULTATION\"}]},{\"@type\":\"WebSite\",\"@id\":\"https:\\\/\\\/nationtaxrelief.com\\\/#website\",\"url\":\"https:\\\/\\\/nationtaxrelief.com\\\/\",\"name\":\"Nation Tax Relief\",\"description\":\"Tax Solutions\",\"publisher\":{\"@id\":\"https:\\\/\\\/nationtaxrelief.com\\\/#organization\"},\"potentialAction\":[{\"@type\":\"SearchAction\",\"target\":{\"@type\":\"EntryPoint\",\"urlTemplate\":\"https:\\\/\\\/nationtaxrelief.com\\\/?s={search_term_string}\"},\"query-input\":{\"@type\":\"PropertyValueSpecification\",\"valueRequired\":true,\"valueName\":\"search_term_string\"}}],\"inLanguage\":\"es\"},{\"@type\":\"Organization\",\"@id\":\"https:\\\/\\\/nationtaxrelief.com\\\/#organization\",\"name\":\"Nation Tax Relief\",\"url\":\"https:\\\/\\\/nationtaxrelief.com\\\/\",\"logo\":{\"@type\":\"ImageObject\",\"inLanguage\":\"es\",\"@id\":\"https:\\\/\\\/nationtaxrelief.com\\\/#\\\/schema\\\/logo\\\/image\\\/\",\"url\":\"https:\\\/\\\/nationtaxrelief.com\\\/wp-content\\\/uploads\\\/2022\\\/10\\\/Fondo-blanco-scaled-e1665768289568.jpg\",\"contentUrl\":\"https:\\\/\\\/nationtaxrelief.com\\\/wp-content\\\/uploads\\\/2022\\\/10\\\/Fondo-blanco-scaled-e1665768289568.jpg\",\"width\":2560,\"height\":2144,\"caption\":\"Nation Tax Relief\"},\"image\":{\"@id\":\"https:\\\/\\\/nationtaxrelief.com\\\/#\\\/schema\\\/logo\\\/image\\\/\"},\"sameAs\":[\"https:\\\/\\\/www.facebook.com\\\/nationtaxrelief\",\"https:\\\/\\\/x.com\\\/NationTaxRelief\",\"https:\\\/\\\/www.instagram.com\\\/nationtaxrelief\\\/\"]}]}<\/script>\n<!-- \/ Yoast SEO plugin. -->","yoast_head_json":{"title":"SCHEDULE A CONSULTATION | Nation Tax Relief","robots":{"index":"index","follow":"follow","max-snippet":"max-snippet:-1","max-image-preview":"max-image-preview:large","max-video-preview":"max-video-preview:-1"},"canonical":"https:\/\/nationtaxrelief.com\/es\/booking-page\/","og_locale":"es_ES","og_type":"article","og_title":"SCHEDULE A CONSULTATION | Nation Tax Relief","og_description":"SCHEDULE A CONSULTATION Our consultations are completely free of charge.By clicking on the button you will be able to choose a day and time to schedule your appointment, you must leave your email and contact number.We use as a meeting service the application known as: ZOOM.In case you don&#8217;t have it installed you can download [&hellip;]","og_url":"https:\/\/nationtaxrelief.com\/es\/booking-page\/","og_site_name":"Nation Tax Relief","article_publisher":"https:\/\/www.facebook.com\/nationtaxrelief","article_modified_time":"2022-10-14T17:10:20+00:00","og_image":[{"url":"https:\/\/nationtaxrelief.com\/wp-content\/uploads\/2022\/10\/Fran_Redes-323-150x150.png","type":"","width":"","height":""}],"twitter_card":"summary_large_image","twitter_site":"@NationTaxRelief","twitter_misc":{"Tiempo de lectura":"1 minuto"},"schema":{"@context":"https:\/\/schema.org","@graph":[{"@type":"WebPage","@id":"https:\/\/nationtaxrelief.com\/booking-page\/","url":"https:\/\/nationtaxrelief.com\/booking-page\/","name":"SCHEDULE A CONSULTATION | Nation Tax Relief","isPartOf":{"@id":"https:\/\/nationtaxrelief.com\/#website"},"primaryImageOfPage":{"@id":"https:\/\/nationtaxrelief.com\/booking-page\/#primaryimage"},"image":{"@id":"https:\/\/nationtaxrelief.com\/booking-page\/#primaryimage"},"thumbnailUrl":"https:\/\/nationtaxrelief.com\/wp-content\/uploads\/2022\/10\/Fran_Redes-323-150x150.png","datePublished":"2022-10-13T20:08:50+00:00","dateModified":"2022-10-14T17:10:20+00:00","breadcrumb":{"@id":"https:\/\/nationtaxrelief.com\/booking-page\/#breadcrumb"},"inLanguage":"es","potentialAction":[{"@type":"ReadAction","target":["https:\/\/nationtaxrelief.com\/booking-page\/"]}]},{"@type":"ImageObject","inLanguage":"es","@id":"https:\/\/nationtaxrelief.com\/booking-page\/#primaryimage","url":"https:\/\/nationtaxrelief.com\/wp-content\/uploads\/2022\/10\/Fran_Redes-323-150x150.png","contentUrl":"https:\/\/nationtaxrelief.com\/wp-content\/uploads\/2022\/10\/Fran_Redes-323-150x150.png"},{"@type":"BreadcrumbList","@id":"https:\/\/nationtaxrelief.com\/booking-page\/#breadcrumb","itemListElement":[{"@type":"ListItem","position":1,"name":"Home","item":"https:\/\/nationtaxrelief.com\/"},{"@type":"ListItem","position":2,"name":"SCHEDULE A CONSULTATION"}]},{"@type":"WebSite","@id":"https:\/\/nationtaxrelief.com\/#website","url":"https:\/\/nationtaxrelief.com\/","name":"Nation Tax Relief","description":"Tax Solutions","publisher":{"@id":"https:\/\/nationtaxrelief.com\/#organization"},"potentialAction":[{"@type":"SearchAction","target":{"@type":"EntryPoint","urlTemplate":"https:\/\/nationtaxrelief.com\/?s={search_term_string}"},"query-input":{"@type":"PropertyValueSpecification","valueRequired":true,"valueName":"search_term_string"}}],"inLanguage":"es"},{"@type":"Organization","@id":"https:\/\/nationtaxrelief.com\/#organization","name":"Nation Tax Relief","url":"https:\/\/nationtaxrelief.com\/","logo":{"@type":"ImageObject","inLanguage":"es","@id":"https:\/\/nationtaxrelief.com\/#\/schema\/logo\/image\/","url":"https:\/\/nationtaxrelief.com\/wp-content\/uploads\/2022\/10\/Fondo-blanco-scaled-e1665768289568.jpg","contentUrl":"https:\/\/nationtaxrelief.com\/wp-content\/uploads\/2022\/10\/Fondo-blanco-scaled-e1665768289568.jpg","width":2560,"height":2144,"caption":"Nation Tax Relief"},"image":{"@id":"https:\/\/nationtaxrelief.com\/#\/schema\/logo\/image\/"},"sameAs":["https:\/\/www.facebook.com\/nationtaxrelief","https:\/\/x.com\/NationTaxRelief","https:\/\/www.instagram.com\/nationtaxrelief\/"]}]}},"uagb_featured_image_src":{"full":false,"thumbnail":false,"medium":false,"medium_large":false,"large":false,"1536x1536":false,"2048x2048":false,"trp-custom-language-flag":false},"uagb_author_info":{"display_name":"Israel Gonzales","author_link":"https:\/\/nationtaxrelief.com\/es\/author\/beartagencia\/"},"uagb_comment_info":0,"uagb_excerpt":"SCHEDULE A CONSULTATION Our consultations are completely free of charge.By clicking on the button you will be able to choose a day and time to schedule your appointment, you must leave your email and contact number.We use as a meeting service the application known as: ZOOM.In case you don&#8217;t have it installed you can download&hellip;","_links":{"self":[{"href":"https:\/\/nationtaxrelief.com\/es\/wp-json\/wp\/v2\/pages\/1407","targetHints":{"allow":["GET"]}}],"collection":[{"href":"https:\/\/nationtaxrelief.com\/es\/wp-json\/wp\/v2\/pages"}],"about":[{"href":"https:\/\/nationtaxrelief.com\/es\/wp-json\/wp\/v2\/types\/page"}],"author":[{"embeddable":true,"href":"https:\/\/nationtaxrelief.com\/es\/wp-json\/wp\/v2\/users\/1"}],"replies":[{"embeddable":true,"href":"https:\/\/nationtaxrelief.com\/es\/wp-json\/wp\/v2\/comments?post=1407"}],"version-history":[{"count":4,"href":"https:\/\/nationtaxrelief.com\/es\/wp-json\/wp\/v2\/pages\/1407\/revisions"}],"predecessor-version":[{"id":1533,"href":"https:\/\/nationtaxrelief.com\/es\/wp-json\/wp\/v2\/pages\/1407\/revisions\/1533"}],"wp:attachment":[{"href":"https:\/\/nationtaxrelief.com\/es\/wp-json\/wp\/v2\/media?parent=1407"}],"curies":[{"name":"wp","href":"https:\/\/api.w.org\/{rel}","templated":true}]}}